{"id":13233,"date":"2022-11-19T09:24:05","date_gmt":"2022-11-19T09:24:05","guid":{"rendered":"https:\/\/www.psyntegra.com\/despre-noi\/formatori-2\/ioana-eva-cadariu\/"},"modified":"2023-12-17T14:43:38","modified_gmt":"2023-12-17T14:43:38","slug":"ioana-eva-cadariu","status":"publish","type":"page","link":"https:\/\/www.psyntegra.com\/en\/despre-noi\/formatori-2\/ioana-eva-cadariu\/","title":{"rendered":"Ioana-Eva C\u0102DARIU"},"content":{"rendered":"<p>[et_pb_section fb_built=&#8221;1&#8243; admin_label=&#8221;Header&#8221; _builder_version=&#8221;4.19.1&#8243; _module_preset=&#8221;default&#8221; use_background_color_gradient=&#8221;on&#8221; background_color_gradient_stops=&#8221;#0367a5 25%|rgba(46,91,97,0) 100%&#8221; background_color_gradient_overlays_image=&#8221;on&#8221; background_image=&#8221;https:\/\/www.psyntegra.com\/wp-content\/uploads\/2022\/10\/contact.jpg&#8221; custom_padding=&#8221;||8vw||false|false&#8221; bottom_divider_style=&#8221;curve&#8221; bottom_divider_color=&#8221;#FFFFFF&#8221; bottom_divider_height=&#8221;8vw&#8221; locked=&#8221;off&#8221; collapsed=&#8221;off&#8221; global_colors_info=&#8221;{}&#8221;][et_pb_row _builder_version=&#8221;4.17.3&#8243; _module_preset=&#8221;default&#8221; width=&#8221;50%&#8221; width_tablet=&#8221;80%&#8221; width_phone=&#8221;80%&#8221; width_last_edited=&#8221;on|tablet&#8221; global_colors_info=&#8221;{}&#8221; width__hover_enabled=&#8221;off|desktop&#8221;][et_pb_column type=&#8221;4_4&#8243; _builder_version=&#8221;4.17.1&#8243; _module_preset=&#8221;default&#8221; global_colors_info=&#8221;{}&#8221;][et_pb_text _builder_version=&#8221;4.19.1&#8243; _dynamic_attributes=&#8221;content&#8221; _module_preset=&#8221;c16985e1-e0d6-4022-964d-e2bfc04fa633&#8243; header_font=&#8221;Cormorant Garamond|700|||||||&#8221; header_text_color=&#8221;#E1ECEA&#8221; header_font_size=&#8221;90px&#8221; header_line_height=&#8221;1.1em&#8221; text_orientation=&#8221;center&#8221; custom_margin=&#8221;||0px||false|false&#8221; header_font_size_tablet=&#8221;40px&#8221; header_font_size_phone=&#8221;24px&#8221; header_font_size_last_edited=&#8221;on|desktop&#8221; global_colors_info=&#8221;{}&#8221;]@ET-DC@eyJkeW5hbWljIjp0cnVlLCJjb250ZW50IjoicG9zdF90aXRsZSIsInNldHRpbmdzIjp7ImJlZm9yZSI6IlxuICAgICAgICAgIDxoMT5cbiAgICAgICAgIiwiYWZ0ZXIiOiJcbiAgICAgICAgICA8XC9oMT5cbiAgICAgICAgIn19@[\/et_pb_text][et_pb_text _builder_version=&#8221;4.19.2&#8243; _module_preset=&#8221;1f09816e-184e-4ce5-a4cf-b39c52c423ca&#8221; text_font=&#8221;Inter||||||||&#8221; text_text_color=&#8221;#E1ECEA&#8221; text_font_size=&#8221;18px&#8221; text_line_height=&#8221;1.8em&#8221; text_orientation=&#8221;center&#8221; text_font_size_tablet=&#8221;16px&#8221; text_font_size_phone=&#8221;14px&#8221; text_font_size_last_edited=&#8221;on|tablet&#8221; header_font_size_tablet=&#8221;55px&#8221; header_font_size_last_edited=&#8221;off|desktop&#8221; global_colors_info=&#8221;{}&#8221;]<\/p>\n<h3 style=\"text-align: center;\">\n            <span style=\"color: #ffffff;\">assistant trainer in Integrative Psychotherapy, psychotherapist<\/span><br \/>\n          <\/h3>\n<p style=\"text-align: center;\"><em>&#8220;You can&#8217;t throw yourself strong, brisk and confident in the waves of life, and it won&#8217;t bring you to the harbor of happiness.&#8221; <\/em><br \/>Hortensia Papadat \u2013 Bengescu<\/p>\n<p>[\/et_pb_text][\/et_pb_column][\/et_pb_row][et_pb_row _builder_version=&#8221;4.18.0&#8243; _module_preset=&#8221;default&#8221; positioning=&#8221;absolute&#8221; position_origin_a=&#8221;bottom_center&#8221; vertical_offset=&#8221;-1px&#8221; width=&#8221;100%&#8221; max_width=&#8221;100%&#8221; custom_padding=&#8221;||0px||false|false&#8221; locked=&#8221;off&#8221; global_colors_info=&#8221;{}&#8221;][et_pb_column type=&#8221;4_4&#8243; _builder_version=&#8221;4.17.3&#8243; _module_preset=&#8221;default&#8221; global_colors_info=&#8221;{}&#8221;][et_pb_image src=&#8221;https:\/\/www.psyntegra.com\/wp-content\/uploads\/2022\/10\/therapy-52.png&#8221; force_fullwidth=&#8221;on&#8221; _builder_version=&#8221;4.19.4&#8243; _module_preset=&#8221;default&#8221; global_colors_info=&#8221;{}&#8221;][\/et_pb_image][\/et_pb_column][\/et_pb_row][\/et_pb_section][et_pb_section fb_built=&#8221;1&#8243; admin_label=&#8221;Formator 1&#8243; _builder_version=&#8221;4.18.0&#8243; _module_preset=&#8221;default&#8221; custom_margin=&#8221;||||false|false&#8221; custom_padding=&#8221;||||false|false&#8221; collapsed=&#8221;off&#8221; global_colors_info=&#8221;{}&#8221;][et_pb_row column_structure=&#8221;2_3,1_3&#8243; make_equal=&#8221;on&#8221; _builder_version=&#8221;4.18.0&#8243; _module_preset=&#8221;default&#8221; global_colors_info=&#8221;{}&#8221;][et_pb_column type=&#8221;2_3&#8243; _builder_version=&#8221;4.17.3&#8243; _module_preset=&#8221;default&#8221; custom_padding_tablet=&#8221;||30px||false|false&#8221; custom_padding_phone=&#8221;||30px||false|false&#8221; custom_padding_last_edited=&#8221;on|tablet&#8221; global_colors_info=&#8221;{}&#8221;][et_pb_text _builder_version=&#8221;4.19.2&#8243; _module_preset=&#8221;default&#8221; global_colors_info=&#8221;{}&#8221;]<\/p>\n<h1 style=\"text-align: justify;\">\n            <span style=\"color: #ba323d;\">Ioana-Eva C\u0102DARIU<\/span><br \/>\n          <\/h1>\n<p>[\/et_pb_text][et_pb_text _builder_version=&#8221;4.21.0&#8243; _module_preset=&#8221;default&#8221; global_colors_info=&#8221;{}&#8221;]<\/p>\n<p style=\"text-align: justify;\">Clinical psychologist, psychotherapist with training in integrative psychotherapy and specialization in couple psychotherapy focused on emotions, is director of the Career Counseling and Guidance Center at &#8220;Tibiscus&#8221; University in Timi\u0219oara, vice-president of the Institute of Psychotherapy, Psychological Counseling and Clinical Supervision (IPCS) and member of the journal&#8217;s editorial board<br \/>\n<em>International Journal of Supervision in Psychotherepy<\/em> (www.ijsp.eu).<\/p>\n<p style=\"text-align: justify;\">The desire for professional development was realized through:<br \/>\n&#8211; participation in national and international conferences, workshops and publication of specialized articles in the field of psychology;<br \/>\n&#8211; research as a doctoral student at the West University of Timisoara, field of Psychology.<\/p>\n<p style=\"text-align: justify;\">Domeniile de interes sunt: <em>psihologie clinic\u0103 \u015fi psihoterapii<\/em>, <em>psihologia personalit\u0103\u0163ii, psihoterapia tulbur\u0103rilor de personalitate.<\/em><\/p>\n<p style=\"text-align: justify;\">Activitatea publicistic\u0103 este concretizat\u0103 \u00een articole de specialitate \u015fi studii indexate \u00een baze de date interna\u0163ionale \u015fi incluse \u00een Web of Science.<\/p>\n<p style=\"text-align: justify;\">Particip\u0103ri numeroase activit\u0103\u0163i media \u015fi publica\u021bii \u00een mass-media:<\/p>\n<p>          <span style=\"color: #800080;\"><br \/>\n            <strong>Emisiuni TV:<\/strong><br \/>\n          <\/span><\/p>\n<ul>\n<li><a href=\"https:\/\/www.youtube.com\/watch?v=YUEawbbh6Us\" target=\"_blank\" rel=\"noopener\">Limite \u0219i limit\u0103ri \u00een psihoterapie<\/a><\/li>\n<li><a href=\"https:\/\/fb.watch\/7MNoQJV2_m\/\" target=\"_blank\" rel=\"noopener\">Emisiune \u201eCafeaua de diminea\u021b\u0103\u201d<\/a><\/li>\n<li><a href=\"https:\/\/telenova.ro\/stiri\/2021\/07\/nascuti-pentru-a-evolua-cu-stefan-marcu-10\/\" target=\"_blank\" rel=\"noopener\">Terapia narcisimului<\/a><\/li>\n<li><a href=\"https:\/\/fb.watch\/7MN3HYnIy8\/\" target=\"_blank\" rel=\"noopener\">Psihoterapie, familie \u0219i dezvoltare personal\u0103<\/a><\/li>\n<li><a href=\"https:\/\/www.youtube.com\/watch?v=6prUxON3SW4\" target=\"_blank\" rel=\"noopener\">Psihoterapie familial\u0103 \u0219i de cuplu<\/a><\/li>\n<li><a href=\"https:\/\/youtu.be\/o6GJfw3gGEA\" target=\"_blank\" rel=\"noopener\">Parenting \u015fi dezvoltare personal\u0103<\/a><\/li>\n<li><a href=\"https:\/\/www.facebook.com\/teleeuropanovatimisoara\/videos\/238896071620463\" target=\"_blank\" rel=\"noopener\">Stima de sine \u00een dezvoltarea personal\u0103<\/a><\/li>\n<li><a href=\"https:\/\/www.youtube.com\/watch?v=y0XaLN7iix8\" target=\"_blank\" rel=\"noopener\">Rolul rela\u0163iei terapeutice \u00een psihoterapia integrativ\u0103<\/a><\/li>\n<li><a href=\"https:\/\/telenova.ro\/stiri\/2021\/10\/nascuti-pentru-a-evolua-cu-stefan-marcu-consilierea-psihologica-si-consilierea-spirituala\/?fbclid=IwAR1UZSjjuUs2qDFHuNQly8kdfp0m5AfNAw0qD-jiwsuC0pTBH7VDL329aUo\" target=\"_blank\" rel=\"noopener\">Consilierea Psihologic\u0103 \u015fi Consilierea Spiritual\u0103<\/a><\/li>\n<li><a href=\"https:\/\/www.facebook.com\/teleeuropanovatimisoara\/videos\/607074570726378\" target=\"_blank\" rel=\"noopener\">Rolul femeii \u00een via\u0163a de cuplu<\/a><\/li>\n<li><a href=\"https:\/\/www.facebook.com\/teleeuropanovatimisoara\/videos\/368109184844063\" target=\"_blank\" rel=\"noopener\">Factorii comuni \u00een psihoterapie \u015fi dezvoltare personal\u0103<\/a>, <em>Tele Europa Nova<\/em><\/li>\n<li><a href=\"https:\/\/www.facebook.com\/watch\/live\/?ref=watch_permalink&amp;v=715501066281636\" target=\"_blank\" rel=\"noopener\">\u201eCafeaua de diminea\u0163\u0103\u201d cu Cornelia Dun\u0103reanu, Stategii aplicate pentru gestionarea emo\u0163iilor \u00een timp de r\u0103zboi<\/a><\/li>\n<\/ul>\n<p>          <span style=\"color: #800080;\"><br \/>\n            <strong>Emisiuni Radio:<\/strong><br \/>\n          <\/span><\/p>\n<ul>\n<li><a href=\"http:\/\/www.radiotimisoara.ro\/2021\/11\/02\/despre-sindromul-burnout-in-rubrica-de-marti-recomandarea-psihologului-la-radio-timisoara\/?fbclid=IwAR2Tgp6POyTdvDnf0b3_Rd9b0ASwa6XShiyzLhCqgkOJRRpF_i_U-dAQtcQ\" target=\"_blank\" rel=\"noopener\">Sindromul de \u201dburnout\u201d \u00een rubrica de mar\u021bi, \u201dRecomandarea psihologului\u201d &#8211; <em>Radio Timi\u0219oara<\/em><\/a><\/li>\n<li><a href=\"http:\/\/www.radiotimisoara.ro\/2022\/02\/22\/despre-reducerea-tensiunii-in-cuplu-marti-in-rubrica-recomandarea-psihologului\/?fbclid=IwAR3QJcH-m0she6TGy0Om9pP80he0frzMa4uwo__gIA9CPy57N0p0R0erQfE\" target=\"_blank\" rel=\"noopener\">Despre reducerea tensiunii \u00een cuplu &#8211; <em>Radio Timi\u015foara<\/em><\/a><\/li>\n<li><a href=\"http:\/\/www.radiotimisoara.ro\/2022\/01\/18\/despre-beneficiile-somnului-in-rubrica-recomandarea-psihologului-marti-la-radio-timisoara\/?fbclid=IwAR2pfL0boozgfOIRf4MMYDo56Y3hoN6JmOlRoCt8V7wTlGl_KS8ScqtCiT0\" target=\"_blank\" rel=\"noopener\">Despre beneficiile somnului &#8211; <em>Radio Timi\u015foara<\/em><\/a><\/li>\n<li><a href=\"http:\/\/www.radiotimisoara.ro\/2022\/01\/04\/despre-obiectivele-pe-care-ni-le-propunem-in-noul-an-in-rubrica-recomandarea-psihologului-marti-la-radio-timisoara\/?fbclid=IwAR2rVUJBCDX41fbROysCn83DkY4JN2yAYbH3CA4P-E2bS86oim_zRMAH2nY\" target=\"_blank\" rel=\"noopener\">Despre obiectivele pe care ni le propunem pentru Anul Nou &#8211; <em>Radio Timi\u015foara<\/em><\/a><\/li>\n<li><a href=\"http:\/\/www.radiotimisoara.ro\/2022\/02\/08\/despre-gestionarea-emotiilor-inaintea-unui-interviu-in-rubrica-recomandarea-psihologului-marti-la-radio-timisoara\/?fbclid=IwAR0sL1gFvSsKnDjk-pEZNU9OisH2QC5dbLjtoHi82mwZmSwPXsLPT3hcqOA\" target=\"_blank\" rel=\"noopener\">Gestionare emo\u0163iilor \u00eenainte de un interviu &#8211; <em>Radio Timi\u015foara<\/em><\/a><\/li>\n<li><a href=\"http:\/\/www.radiotimisoara.ro\/2022\/02\/15\/despre-hartuirea-online-in-rubrica-recomandarea-psihologului-marti-la-radio-timisoara\/?fbclid=IwAR2tau4Wl1cZ9iswsd_U_PjG6E2k-LTln-tOHJzVd1qEQ4Y70HNTTX_Y23w\" target=\"_blank\" rel=\"noopener\">Despre h\u0103r\u0163uirea online &#8211; <em>Radio Timi\u015foara<\/em><\/a><\/li>\n<li><a href=\"http:\/\/www.radiotimisoara.ro\/2022\/03\/01\/tipurile-de-interactiuni-care-pot-sa-erodeze-viata-de-cuplu-analizate-in-rubrica-recomandarea-psihologului\/?fbclid=IwAR2xJiauOHNOVTQNM5vmBYdE-DZr1JddQMi8OrcW12U-p9hQZ1vHzra2rfY\" target=\"_blank\" rel=\"noopener\">Tipuri de interac\u0163iuni care pot s\u0103 erodeze via\u0163a de cuplu &#8211; <em>Radio Timi\u015foara<\/em><\/a><\/li>\n<li><a href=\"https:\/\/www.facebook.com\/teleeuropanovatimisoara\/videos\/399940508631698\" target=\"_blank\" rel=\"noopener\">Cele patru provoc\u0103ri ale vie\u021bii de cuplu<\/a><\/li>\n<\/ul>\n<p>          <span style=\"color: #800080;\"><br \/>\n            <strong>Articole:<\/strong><br \/>\n          <\/span><\/p>\n<ul>\n<li><a href=\"https:\/\/www.paginadepsihologie.ro\/panel-online-anxietatea-legata-de-valul-patru-al-pandemiei\/\" target=\"_blank\" rel=\"noopener\">Anxietatea legat\u0103 de valul patru al pandemiei<\/a><\/li>\n<li><a href=\"https:\/\/www.paginadepsihologie.ro\/ce-fac-daca-simt-ca-terapeutul-nu-ma-intelege-importanta-problemelor-de-sanatate-mintala\/\" target=\"_blank\" rel=\"noopener\">Ce fac dac\u0103 simt c\u0103 terapeutul nu m\u0103 \u00een\u021belege?<\/a><\/li>\n<li><a href=\"https:\/\/www.paginadepsihologie.ro\/reflectiile-unui-doctorand-in-timpul-pandemiei-ce-am-invatat-despre-noi\/\" target=\"_blank\" rel=\"noopener\">Ce am \u00eenv\u0103\u021bat despre noi \u00een pandemie<\/a><\/li>\n<\/ul>\n<p>          <strong><br \/>\n            <em>E-mail: cadariuioanaeva@yahoo.com<br \/>\nTelefon: 0723 345 341<\/em><br \/>\n          <\/strong><\/p>\n<p>          <a href=\"https:\/\/www.psyntegra.com\/wp-content\/uploads\/2022\/12\/CV-Ioana-Cadariu.pdf\" rel=\"attachment wp-att-12966\">CV eng Ioana<\/a><br \/>\n        [\/et_pb_text][\/et_pb_column][et_pb_column type=&#8221;1_3&#8243; _builder_version=&#8221;4.17.1&#8243; _module_preset=&#8221;default&#8221; global_colors_info=&#8221;{}&#8221;][et_pb_image src=&#8221;https:\/\/www.psyntegra.com\/wp-content\/uploads\/2022\/10\/therapy-27.png&#8221; title_text=&#8221;therapy 27&#8243; align=&#8221;right&#8221; _builder_version=&#8221;4.17.3&#8243; _module_preset=&#8221;default&#8221; positioning=&#8221;absolute&#8221; position_origin_a=&#8221;top_right&#8221; width=&#8221;50%&#8221; custom_margin=&#8221;||||false|false&#8221; global_colors_info=&#8221;{}&#8221;][\/et_pb_image][et_pb_image src=&#8221;https:\/\/www.psyntegra.com\/wp-content\/uploads\/2022\/11\/ioana.jpg&#8221; title_text=&#8221;ioana&#8221; show_bottom_space=&#8221;off&#8221; align=&#8221;center&#8221; _builder_version=&#8221;4.19.1&#8243; _module_preset=&#8221;default&#8221; z_index=&#8221;1&#8243; width=&#8221;100%&#8221; custom_margin=&#8221;||62px|||&#8221; custom_padding=&#8221;|||0px||&#8221; border_radii=&#8221;off|400px|400px||&#8221; locked=&#8221;off&#8221; global_colors_info=&#8221;{}&#8221;][\/et_pb_image][et_pb_divider show_divider=&#8221;off&#8221; _builder_version=&#8221;4.18.0&#8243; _module_preset=&#8221;default&#8221; background_color=&#8221;#66AFA5&#8243; positioning=&#8221;absolute&#8221; position_origin_a=&#8221;bottom_left&#8221; width=&#8221;120px&#8221; width_tablet=&#8221;20vw&#8221; width_phone=&#8221;20vw&#8221; width_last_edited=&#8221;on|tablet&#8221; height=&#8221;120px&#8221; height_tablet=&#8221;20vw&#8221; height_phone=&#8221;20vw&#8221; height_last_edited=&#8221;on|tablet&#8221; custom_margin=&#8221;||-15%||false|false&#8221; custom_margin_tablet=&#8221;||-15%||false|false&#8221; custom_margin_phone=&#8221;||-15%||false|false&#8221; custom_margin_last_edited=&#8221;on|tablet&#8221; border_radii=&#8221;on|200px|200px|200px|200px&#8221; locked=&#8221;off&#8221; global_colors_info=&#8221;{}&#8221;][\/et_pb_divider][\/et_pb_column][\/et_pb_row][\/et_pb_section]<\/p>\n","protected":false},"excerpt":{"rendered":"<p>assistant trainer in Integrative Psychotherapy, psychotherapist &#8220;You can&#8217;t throw yourself strong, brisk and confident in the waves of life, and it won&#8217;t bring you to the harbor of happiness.&#8221; Hortensia Papadat \u2013 Bengescu Ioana-Eva C\u0102DARIU Clinical psychologist, psychotherapist with training in integrative psychotherapy and specialization in couple psychotherapy focused on emotions, is director of the [&hellip;]<\/p>\n","protected":false},"author":1,"featured_media":0,"parent":11773,"menu_order":0,"comment_status":"closed","ping_status":"closed","template":"","meta":{"_et_pb_use_builder":"on","_et_pb_old_content":"","_et_gb_content_width":"","footnotes":""},"class_list":["post-13233","page","type-page","status-publish","hentry"],"_links":{"self":[{"href":"https:\/\/www.psyntegra.com\/en\/wp-json\/wp\/v2\/pages\/13233","targetHints":{"allow":["GET"]}}],"collection":[{"href":"https:\/\/www.psyntegra.com\/en\/wp-json\/wp\/v2\/pages"}],"about":[{"href":"https:\/\/www.psyntegra.com\/en\/wp-json\/wp\/v2\/types\/page"}],"author":[{"embeddable":true,"href":"https:\/\/www.psyntegra.com\/en\/wp-json\/wp\/v2\/users\/1"}],"replies":[{"embeddable":true,"href":"https:\/\/www.psyntegra.com\/en\/wp-json\/wp\/v2\/comments?post=13233"}],"version-history":[{"count":0,"href":"https:\/\/www.psyntegra.com\/en\/wp-json\/wp\/v2\/pages\/13233\/revisions"}],"up":[{"embeddable":true,"href":"https:\/\/www.psyntegra.com\/en\/wp-json\/wp\/v2\/pages\/11773"}],"wp:attachment":[{"href":"https:\/\/www.psyntegra.com\/en\/wp-json\/wp\/v2\/media?parent=13233"}],"curies":[{"name":"wp","href":"https:\/\/api.w.org\/{rel}","templated":true}]}}