{"id":12469,"date":"2022-12-11T21:06:41","date_gmt":"2022-12-11T21:06:41","guid":{"rendered":"https:\/\/www.psyntegra.com\/?page_id=12469"},"modified":"2023-08-21T21:49:22","modified_gmt":"2023-08-21T21:49:22","slug":"cercetare-publicatii","status":"publish","type":"page","link":"https:\/\/www.psyntegra.com\/en\/cercetare-publicatii\/","title":{"rendered":"Research\/ Publications"},"content":{"rendered":"<p>[et_pb_section fb_built=&#8221;1&#8243; admin_label=&#8221;Header&#8221; _builder_version=&#8221;4.19.1&#8243; _module_preset=&#8221;default&#8221; use_background_color_gradient=&#8221;on&#8221; background_color_gradient_stops=&#8221;#0367a5 25%|rgba(46,91,97,0) 100%&#8221; background_color_gradient_overlays_image=&#8221;on&#8221; background_image=&#8221;https:\/\/www.psyntegra.com\/wp-content\/uploads\/2022\/10\/contact.jpg&#8221; custom_padding=&#8221;||8vw||false|false&#8221; bottom_divider_style=&#8221;curve&#8221; bottom_divider_color=&#8221;#FFFFFF&#8221; bottom_divider_height=&#8221;8vw&#8221; locked=&#8221;off&#8221; collapsed=&#8221;off&#8221; global_colors_info=&#8221;{}&#8221;][et_pb_row _builder_version=&#8221;4.17.3&#8243; _module_preset=&#8221;default&#8221; width=&#8221;50%&#8221; width_tablet=&#8221;80%&#8221; width_phone=&#8221;80%&#8221; width_last_edited=&#8221;on|tablet&#8221; global_colors_info=&#8221;{}&#8221; width__hover_enabled=&#8221;off|desktop&#8221;][et_pb_column type=&#8221;4_4&#8243; _builder_version=&#8221;4.17.1&#8243; _module_preset=&#8221;default&#8221; global_colors_info=&#8221;{}&#8221;][et_pb_text _builder_version=&#8221;4.18.0&#8243; _dynamic_attributes=&#8221;content&#8221; _module_preset=&#8221;c16985e1-e0d6-4022-964d-e2bfc04fa633&#8243; header_font=&#8221;Cormorant Garamond|700|||||||&#8221; header_text_color=&#8221;#E1ECEA&#8221; header_font_size=&#8221;90px&#8221; header_line_height=&#8221;1.1em&#8221; text_orientation=&#8221;center&#8221; custom_margin=&#8221;||0px||false|false&#8221; header_font_size_tablet=&#8221;40px&#8221; header_font_size_phone=&#8221;24px&#8221; header_font_size_last_edited=&#8221;on|desktop&#8221; global_colors_info=&#8221;{}&#8221;]@ET-DC@eyJkeW5hbWljIjp0cnVlLCJjb250ZW50IjoicG9zdF90aXRsZSIsInNldHRpbmdzIjp7ImJlZm9yZSI6IjxoMT4iLCJhZnRlciI6IjwvaDE+In19@[\/et_pb_text][et_pb_text _builder_version=&#8221;4.19.2&#8243; _module_preset=&#8221;1f09816e-184e-4ce5-a4cf-b39c52c423ca&#8221; text_font=&#8221;Inter||||||||&#8221; text_text_color=&#8221;#E1ECEA&#8221; text_font_size=&#8221;18px&#8221; text_line_height=&#8221;1.8em&#8221; text_orientation=&#8221;center&#8221; text_font_size_tablet=&#8221;16px&#8221; text_font_size_phone=&#8221;14px&#8221; text_font_size_last_edited=&#8221;on|tablet&#8221; header_font_size_tablet=&#8221;55px&#8221; header_font_size_last_edited=&#8221;off|desktop&#8221; global_colors_info=&#8221;{}&#8221;][\/et_pb_text][\/et_pb_column][\/et_pb_row][et_pb_row _builder_version=&#8221;4.18.0&#8243; _module_preset=&#8221;default&#8221; positioning=&#8221;absolute&#8221; position_origin_a=&#8221;bottom_center&#8221; vertical_offset=&#8221;-1px&#8221; width=&#8221;100%&#8221; max_width=&#8221;100%&#8221; custom_padding=&#8221;||0px||false|false&#8221; locked=&#8221;off&#8221; global_colors_info=&#8221;{}&#8221;][et_pb_column type=&#8221;4_4&#8243; _builder_version=&#8221;4.17.3&#8243; _module_preset=&#8221;default&#8221; global_colors_info=&#8221;{}&#8221;][et_pb_image src=&#8221;https:\/\/www.psyntegra.com\/wp-content\/uploads\/2022\/10\/therapy-52.png&#8221; title_text=&#8221;therapy-52&#8243; force_fullwidth=&#8221;on&#8221; _builder_version=&#8221;4.17.3&#8243; _module_preset=&#8221;default&#8221; global_colors_info=&#8221;{}&#8221;][\/et_pb_image][\/et_pb_column][\/et_pb_row][\/et_pb_section][et_pb_section fb_built=&#8221;1&#8243; admin_label=&#8221;section&#8221; _builder_version=&#8221;4.16&#8243; global_colors_info=&#8221;{}&#8221;][et_pb_row column_structure=&#8221;3_4,1_4&#8243; admin_label=&#8221;row&#8221; _builder_version=&#8221;4.19.2&#8243; background_size=&#8221;initial&#8221; background_position=&#8221;top_left&#8221; background_repeat=&#8221;repeat&#8221; global_colors_info=&#8221;{}&#8221;][et_pb_column type=&#8221;3_4&#8243; _builder_version=&#8221;4.16&#8243; custom_padding=&#8221;|||&#8221; global_colors_info=&#8221;{}&#8221; custom_padding__hover=&#8221;|||&#8221;][et_pb_text admin_label=&#8221;Text&#8221; _builder_version=&#8221;4.21.0&#8243; background_size=&#8221;initial&#8221; background_position=&#8221;top_left&#8221; background_repeat=&#8221;repeat&#8221; global_colors_info=&#8221;{}&#8221;]<\/p>\n<h1 style=\"font-weight: 600;\">Publications\/ Research<\/h1>\n<p><b><strong>The Institute of Psychotherapy, Psychological Counseling and Clinical Supervision, IPCS, supports and promotes the research activity and publishing activity of its members, and not only, by editing and publishing volumes, books, magazines, etc.<\/strong><\/b><\/p>\n<p><img loading=\"lazy\" decoding=\"async\" src=\"https:\/\/www.psyntegra.com\/wp-content\/uploads\/2023\/08\/Coperta-Carte-Competency-based-Training-for-Clinical-Supervisors-242x300.jpg\" width=\"162\" height=\"201\" alt=\"\" class=\"wp-image-15111 alignleft size-medium\" \/> <img loading=\"lazy\" decoding=\"async\" src=\"https:\/\/www.psyntegra.com\/wp-content\/uploads\/2023\/08\/Coperta-Carte-Competency-based-Training-for-Clinical-Supervisors-pag2-245x300.jpg\" width=\"165\" height=\"202\" alt=\"\" class=\"wp-image-15114 alignleft size-medium\" \/><\/p>\n<div class=\"x11i5rnm xat24cr x1mh8g0r x1vvkbs xtlvy1s x126k92a\">\n<div dir=\"auto\" style=\"text-align: justify;\"><em><strong>\u201dCompetency-based-Training-for-Clinical-Supervisors\u201d<\/strong><\/em><br \/>Our second book has been published by ELSEVIER Publishing House. The book is aimed at colleagues interested in their development as psychotherapists and, in particular, as clinical supervisors in psychotherapy.<\/div>\n<\/div>\n<div class=\"x11i5rnm xat24cr x1mh8g0r x1vvkbs xtlvy1s x126k92a\" style=\"text-align: justify;\">\n<div dir=\"auto\">Our effort has taken shape after two years of work, study, and research in a field that is still relatively underdeveloped at the international level, even though there are numerous studies in psychotherapy, the study of clinical supervision is still in its early stages.<\/div>\n<\/div>\n<div class=\"x11i5rnm xat24cr x1mh8g0r x1vvkbs xtlvy1s x126k92a\" style=\"text-align: justify;\">\n<div dir=\"auto\">The authors are both practitioners and academics. With joy and pride, we mention that all three authors are faculty members at the &#8220;Tibiscus&#8221; University of Timi\u0219oara, and Ed Watkins has had collaborations with the same university for over 5 years. Additionally, all three authors are actively involved within the INSTITUTE OF PSYCHOTHERAPY, PSYCHOLOGICAL COUNSELING, AND CLINICAL SUPERVISION (IPCS).<\/div>\n<\/div>\n<div class=\"x11i5rnm xat24cr x1mh8g0r x1vvkbs xtlvy1s x126k92a\" style=\"text-align: justify;\">\n<div dir=\"auto\">The book is internationally recognized and addresses a highly relevant issue, namely the training of supervisors in psychotherapy and clinical psychology.<\/div>\n<\/div>\n<div class=\"x11i5rnm xat24cr x1mh8g0r x1vvkbs xtlvy1s x126k92a\">\n<div dir=\"auto\" style=\"text-align: justify;\">\n<p>We would like to express our gratitude to our colleagues at IPCS Institute who have supported us, as well as to our colleague Associate Professor Dr. Dana Rad, who patiently introduced us to the study of neural networks in the interpretation of the Standard Mixed Evaluation Scale (SESM), focusing on the behavior of clinical supervisors.<\/p>\n<p>&nbsp;<\/p>\n<\/div>\n<\/div>\n<p><b><strong>\u00a0<\/strong><\/b><img loading=\"lazy\" decoding=\"async\" class=\"wp-image-12473 alignleft\" src=\"https:\/\/www.psyntegra.com\/wp-content\/uploads\/2022\/12\/coperta-Journal-of-Supervision-in-Psy-210x300-1.jpg\" alt=\"\" width=\"130\" height=\"186\" \/><em><strong>International Journal of Supervision in Psychotherapy (IJSP)<\/strong><\/em> is the official journal of the Institute of Psychotherapy, Psychological Counseling and Clinical Supervision (IPCS) and promotes the publication of works, studies, original articles, which present the supervision activity of independent and supervised psychotherapists and psychologists. The journal is published once a year with the aim of promoting new models of clinical supervision, regardless of orientation.<br \/>More details about the conditions for writing manuscripts are available on: <u><a href=\"http:\/\/www.ijsp.eu\/\">www.ijsp.eu<\/a><\/u><\/p>\n<p>&nbsp;<\/p>\n<p><img loading=\"lazy\" decoding=\"async\" class=\"wp-image-12474 alignnone \" src=\"https:\/\/www.psyntegra.com\/wp-content\/uploads\/2022\/12\/coperta-244x300-1.jpg\" alt=\"\" width=\"170\" height=\"209\" \/> <img loading=\"lazy\" decoding=\"async\" class=\"wp-image-12475 alignnone \" src=\"https:\/\/www.psyntegra.com\/wp-content\/uploads\/2022\/12\/coperta-Psihoterapia-copilului-si-adolescentului.-Studii-2_Loredana-Ileana-Viscu_page-0001-300x209-1.jpg\" alt=\"\" width=\"303\" height=\"211\" \/> <img loading=\"lazy\" decoding=\"async\" class=\"wp-image-12476 alignnone \" src=\"https:\/\/www.psyntegra.com\/wp-content\/uploads\/2022\/12\/coperta-Psihoterapie-integrativa.-Studii-2_Loredana-Ileana-Viscu_page-0001-300x206-1.jpg\" alt=\"\" width=\"307\" height=\"211\" \/><br \/><img loading=\"lazy\" decoding=\"async\" class=\"wp-image-12478 alignnone \" src=\"https:\/\/www.psyntegra.com\/wp-content\/uploads\/2022\/12\/coperta-VISCU-Psihoterapia-copilului-si-adolescentului-213x300-1.jpg\" alt=\"\" width=\"150\" height=\"211\" \/><img loading=\"lazy\" decoding=\"async\" class=\"wp-image-12477 alignnone \" src=\"https:\/\/www.psyntegra.com\/wp-content\/uploads\/2022\/12\/coperta-VISCU-Psihoterapie-integrativa-Studii-209x300-1.jpg\" alt=\"\" width=\"147\" height=\"211\" \/><\/p>\n<ol>\n<li>V\u00ee\u015fcu Loredana\u2013Ileana (editor-\u0219ef) (2021).\u00a0<i><em>International Journal of Supervision in Psychotherapy<\/em><\/i>\u00a0Nr. 3, an. 2021, Bucure\u0219ti: Editura Universul Academic, ISSN 2668-411X; ISSN-L 2668-411X, ISSN Online 2734-4991,\u00a0<a href=\"http:\/\/www.ijsp.eu\/\">www.ijsp.eu<\/a>. https:\/\/doi.org\/10.47409\/ijsp.2021<\/li>\n<li>V\u00ee\u015fcu Loredana\u2013Ileana (editor-\u0219ef) (2020).\u00a0<i><em>International Journal of Supervision in Psychotherapy<\/em><\/i>\u00a0Nr. 2, an. 2020, Bucure\u0219ti: Editura Universul Academic, ISSN 2668-411X; ISSN-L 2668-411X, ISSN Online 2734-4991,\u00a0<a href=\"http:\/\/www.ijsp.eu\/\">www.ijsp.eu<\/a>. https:\/\/doi.org\/10.47409\/ijsp.2020<\/li>\n<li>V\u00ee\u015fcu Loredana\u2013Ileana (editor-\u0219ef) (2019).\u00a0<i><em>International Journal of Supervision in Psychotherapy<\/em><\/i>\u00a0Nr. 1, an. 2019, Bucure\u0219ti: Editura Universul Academic, ISSN 2668-411X; ISSN-L 2668-411X, ISSN Online 2734-4991,\u00a0<a href=\"http:\/\/www.ijsp.eu\/\">www.ijsp.eu<\/a>. https:\/\/doi.org\/10.47409\/ijsp.2019<\/li>\n<\/ol>\n<p><b><strong><i><em>C\u0103r\u0163i, volume \u0219i capitole c\u0103r\u021bi<\/em><\/i><\/strong><\/b><b><strong><i><em>\u00a0 \u00a0<\/em><\/i><\/strong><\/b><\/p>\n<ol>\n<li>V\u00ee\u015fcu Loredana-Ileana &amp; Watkins Clifton Edward Jr (2021).\u00a0<i><em>A Guide to Clinical Supervision: The Supervision Pyramid<\/em><\/i>,\u00a0 Academic Press, ISBN-10 : 0128217170, ISBN-13: 978-0128217177, 110 pag\u00a0<a href=\"https:\/\/doi.org\/10.1016\/C2019-0-04076-9\">https:\/\/doi.org\/10.1016\/C2019-0-04076-9<\/a>.<\/li>\n<li>V\u00ee\u015fcu Loredana-Ileana, Watkins Clifton Edward Jr., (coord.). (2021).\u00a0<i><em>Psihoterapia copilului \u015fi adolescentului. Studii 2.<\/em><\/i>\u00a0Bucure\u0219ti: Editura Universul Academic, Editura Universitar\u0103, ISBN 978-606-9062-47-0, ISBN 978-606-9062-52-4. ISBN 978-606-28-1229-4, 218 pag.<\/li>\n<li>V\u00ee\u015fcu Loredana-Ileana &amp; C\u0103dariu Ioana-Eva, (coord.). (2021).\u00a0<i><em>Psihoterapie integrativ\u0103. Studii 2,<\/em><\/i>\u00a0Bucure\u0219ti: Editura Universul Academic, Editura Universitar\u0103,\u00a0ISBN 978-606-9062-46-3, ISBN 978-606-9062-62-3, ISBN 978-606-28-1230-0, 262 pag.<\/li>\n<li>V\u00ee\u015fcu Loredana-Ileana, Watkins Clifton Edward Jr., (coord.). (2020).\u00a0<i><em>Psihoterapia copilului \u015fi adolescentului. Studii<\/em><\/i>\u00a0Bucure\u0219ti: Editura Universul Academic, Editura Universitar\u0103, ISBN 978-606-9062-47-0, ISBN 978-606-28-1131-0, 177 pag.<\/li>\n<li>V\u00ee\u015fcu Loredana-Ileana &amp; C\u0103dariu Ioana-Eva, (coord.). (2020).\u00a0<i><em>Psihoterapie integrativ\u0103. Studii,<\/em><\/i>\u00a0Bucure\u0219ti: Editura Universul Academic, Editura Universitar\u0103,\u00a0ISBN 978-606-9062-46-3, ISBN 978-606-28-1130-3, 206 pag.<\/li>\n<\/ol>\n<p><b><strong><i><em>Lucr\u0103ri<\/em><\/i><\/strong><\/b><b><strong><i><em>\/articole\u00a0<\/em><\/i><\/strong><\/b><b><strong><i><em>\u015ftiin\u0163ifice<\/em><\/i><\/strong><\/b><\/p>\n<ol>\n<li>C. Edward Watkins Jr., Loredana-Ileana V\u00ee\u015fcu &amp; Ioana-Eva Cadariu (2021) Psychotherapy supervision research: On roadblocks, remedies, and recommendations,\u00a0<i><em>European Journal of Psychotherapy &amp; Counselling<\/em><\/i>, DOI: 10.1080\/13642537.2021.1881139<\/li>\n<li>V\u00ee\u015fcu Loredana-Ileana, Watkins Clifton Edward Jr., C\u0103dariu Ioana-Eva (2021)\u00a0<a href=\"https:\/\/drive.google.com\/file\/d\/1UjMBAA2qNHJ2lokpz-FdtyIAzkJEGiDN\/view?usp=sharing\">Group Supervision in Psychotherapy \u2013 Development Stages, Development Phases of the Supervisory Relationship and the Supervisee\u2019s Development Levels<\/a>,\u00a0<i><em>International Journal of Supervision in Psychotherapy<\/em><\/i>, no. 3, year 2021, p. 7-27,\u00a0<a href=\"https:\/\/doi.org\/10.47409\/ijsp.2021.3.1\">https:\/\/doi.org\/10.47409\/ijsp.2021.3.1<\/a><\/li>\n<li>V\u00ee\u015fcu Loredana-Ileana (2021). I<a href=\"https:\/\/drive.google.com\/file\/d\/1ljRStJd0fJfxxx3AqI-EFJEXqHPl15bU\/view?usp=sharing\">ntegrative Strategic Supervision Model \u2013Constructivist Approach<\/a>,\u00a0<i><em>International Journal of Supervision in Psychotherapy<\/em><\/i>, no. 3, year 2021, p. 71-88,\u00a0<a href=\"https:\/\/doi.org\/10.47409\/ijsp.2021.3.5\">https:\/\/doi.org\/10.47409\/ijsp.2021.3.5<\/a><\/li>\n<li>Mazilescu Crisanta-Alina ; Auzoult Laurent; V\u00ee\u015fcu Loredana Ileana; Gangloff Bernard (2021) Student Perception of the Social Value of Responsible Management . February 2021.\u00a0<i><em>Societies\u00a0<\/em><\/i>11(16) Follow DOI: 10.3390\/soc11010016<\/li>\n<li>V\u00ee\u0219cu Loredana-Ileana, C\u0103dariu Ioana-Eva, Ciucur Daniel (2020) Drop-Out in Psychotherapy Training. Case Study.\u00a0<i><em>Proceedings of the international conference on legal medicine from Cluj, 3rd edition (Cluj-Napoca, Romania, 1-4 October 2020<\/em><\/i>) editors Costel Vasile Siserman and Cristian Delcea, Filodiritto Publisher ISBN 978-88-85813-93-9. Pp. 153-162, \u00een curs de indexare<\/li>\n<li>V\u00ee\u015fcu Loredana-Ileana, Ciucur Daniel, C\u0103dariu Ioana-Eva (2020) Satisfaction and role conflict in group supervision,\u00a0<i><em>Proceedings of the international conference on legal medicine from Cluj, 3rd edition , Volume 2 (Cluj-Napoca, Romania, 1-4 October 2020<\/em><\/i>) editors Costel Vasile Siserman and Cristian Delcea, Filodiritto Publisher 979-12-80225-07-8, \u00een curs de indexare<\/li>\n<li>Watkins, C. Edward, Jr.; Callahan, Jennifer L.; Viscu, Loredana-Ileana. The Common Process of Supervision Process: The Supervision Session Pyramid as a Teaching Tool in the Beginning Supervision Seminar.\u00a0<i><em>Journal of Contemporary Psychotherapy<\/em><\/i>, Volume: 50\u00a0\u00a0 Issue: 1\u00a0\u00a0 Pages: 15-20\u00a0\u00a0 Published: MAR 2020<\/li>\n<li>V\u00ee\u0219cu Loredana-Ileana, Gy\u00f6rgy G\u00e1sp\u00e1r, Delcea Cristian, Negoi\u021b\u0103 Lucian. (2020) Logic of clinical supervision \u2013 design, supervision models.\u00a0<i><em>International Journal of Supervision in Psychotherapy,\u00a0<\/em><\/i>nr. 2, an 2020, Bucure\u0219ti: Editura Universul Academic, ISSN 2668-411X; ISSN-L 2668-411X, ISSN Online 2734 \u2013 4991.\u00a0<a href=\"http:\/\/www.ijsp.eu\/\">www.ijsp.eu<\/a>, p. 31-42,\u00a0<a href=\"https:\/\/doi.org\/10.47409\/ijsp.2020.2.2\">https:\/\/doi.org\/10.47409\/ijsp.2020.2.2<\/a><\/li>\n<\/ol>\n<p>[\/et_pb_text][\/et_pb_column][et_pb_column type=&#8221;1_4&#8243; _builder_version=&#8221;4.16&#8243; custom_padding=&#8221;|||&#8221; global_colors_info=&#8221;{}&#8221; custom_padding__hover=&#8221;|||&#8221;][et_pb_text _builder_version=&#8221;4.20.2&#8243; _module_preset=&#8221;default&#8221; global_colors_info=&#8221;{}&#8221;]<\/p>\n<h3><strong>Last news<\/strong><\/h3>\n<p>[\/et_pb_text][et_pb_divider _builder_version=&#8221;4.19.2&#8243; _module_preset=&#8221;default&#8221; global_colors_info=&#8221;{}&#8221;][\/et_pb_divider][et_pb_blog fullwidth=&#8221;off&#8221; posts_number=&#8221;3&#8243; include_categories=&#8221;all&#8221; use_manual_excerpt=&#8221;off&#8221; excerpt_length=&#8221;170&#8243; show_author=&#8221;off&#8221; show_date=&#8221;off&#8221; show_categories=&#8221;off&#8221; show_excerpt=&#8221;off&#8221; _builder_version=&#8221;4.20.2&#8243; _module_preset=&#8221;default&#8221; locked=&#8221;off&#8221; global_colors_info=&#8221;{}&#8221;][\/et_pb_blog][\/et_pb_column][\/et_pb_row][\/et_pb_section]<\/p>\n","protected":false},"excerpt":{"rendered":"<p>Publications\/ Research The Institute of Psychotherapy, Psychological Counseling and Clinical Supervision, IPCS, supports and promotes the research activity and publishing activity of its members, and not only, by editing and publishing volumes, books, magazines, etc. \u201dCompetency-based-Training-for-Clinical-Supervisors\u201dOur second book has been published by ELSEVIER Publishing House. The book is aimed at colleagues interested in their development [&hellip;]<\/p>\n","protected":false},"author":1,"featured_media":0,"parent":0,"menu_order":0,"comment_status":"closed","ping_status":"closed","template":"","meta":{"_et_pb_use_builder":"on","_et_pb_old_content":"Institutul de Psihoterapie, Consiliere psihologic\u0103 \u015fi Supervizare clinic\u0103, IPCS, este o organiza\u021bie nonprofit \u0219i are ca scop formarea \u0219i supervizarea profesioni\u0219tilor, care activeaz\u0103 \u00een domeniile: psihologie, psihopedagogie, medical, asisten\u0163\u0103 social\u0103, teologie, filosofie, sociologie, \u015ftiin\u0163e ale educa\u0163iei, educa\u0163ie universitar\u0103, incluz\u00e2nd \u0219i studen\u021bi ai acestor domenii.\r\n\r\n<strong>IPCS este avizat ca furnizor \u015fi de formare CPR prin aviz profesional nr. RF-II-TM-222 din 18.05.2020 \u015fi desf\u0103\u015foar\u0103 urm\u0103toarele activit\u0103\u0163i:<\/strong>\r\n<ol>\r\n \t<li>\u00a0Programe de formare profesional\u0103 continu\u0103 de lung\u0103 durat\u0103 \u00een domeniul psihoterapiei: PSIHOTERAPIE INTEGRATIV\u0102 \u2013 5 ani<\/li>\r\n \t<li>Programe de formare profesional\u0103 continu\u0103 de lung\u0103 durat\u0103 \u00een domeniul consilierii psihologice: CONSILIERE PSIHOLOGIC\u0102 INTEGRATIV\u0102 \u2013 3 ani; CONSILIEREA PSIHOLOGIC\u0102 INTEGRATIV\u0102 A COPILULUI \u0218I ADOLESCENTULUI \u2013 3 ani<\/li>\r\n \t<li>Programe de formare profesional\u0103 continu\u0103 cu caracter repetitiv (workshop-uri, \u015fcoli de var\u0103 etc.)<\/li>\r\n<\/ol>\r\n<strong>De asemenea desf\u0103\u015foar\u0103:<\/strong>\r\n<ol>\r\n \t<li>Programe de formare profesional\u0103 continu\u0103 de scurt\u0103 durat\u0103;<\/li>\r\n \t<li>Sesiuni de supervizare;<\/li>\r\n \t<li>Sesiuni de intervizare;<\/li>\r\n \t<li>Sesiuni de dezvoltare personal\u0103 pentru copii, tineri, adolescen\u0163i;<\/li>\r\n \t<li>Sesiuni de Parenting \u015fi consiliere psihologic\u0103 pentru p\u0103rin\u0163i;<\/li>\r\n \t<li>Conferin\u0163e, mese rotunde, workshop-uri profesionale, proiecte \u015fi activit\u0103\u0163i de cercetare \u015ftiin\u0163ific\u0103;<\/li>\r\n \t<li>Programe de reintegrare psihosocial\u0103, de socializare, programe de instruire voca\u021bional\u0103 \u0219i educa\u021bional\u0103<\/li>\r\n \t<li>Consiliere psihologic\u0103, psihoterapie individual\u0103 \u015fi de grup consultan\u021b\u0103 de specialitate, coaching \u0219i supervizare clinic\u0103 pentru diver\u0219i profesioni\u0219ti \u0219i publicului larg<\/li>\r\n<\/ol>\r\n<h2>Membri fondatori<\/h2>\r\n<ul>\r\n \t<li>V\u00ee\u015fcu Loredana-Ileana, pre\u015fedinte<\/li>\r\n \t<li>C\u0103dariu Ioana-Eva, vice-pre\u015fedinte<\/li>\r\n \t<li>Cornean Cornelia-Ecaterina, membru<\/li>\r\n<\/ul>\r\n\u00a0\r\n\r\n<strong>\u00cen cadrul IPCS func\u0163ioneaz\u0103 urm\u0103toarele comisii, ce monitorizeaz\u0103 \u015fi evalueaz\u0103 \u00eendeplinirea obiectivelor institutului pe baza regulamentelor \u015fi metodologiilor interne \u015fi \u00een conformitate cu legisla\u0163ia \u00een vigoare:<\/strong>\r\n<ul>\r\n \t<li>Comisia profesional\u0103 de acreditare a programelor de formare profesional\u0103, de cercetare \u0219i de supervizare<\/li>\r\n \t<li>Comisia de Comisia de Marketing \u015fi Promovare a Imaginii Institutului<\/li>\r\n \t<li>Comisia de Etic\u0103 \u0219i Deontologie<\/li>\r\n<\/ul>\r\n\u00a0\r\n<h2>Regulamente \u015fi metodologii<\/h2>\r\n<ol>\r\n \t<li>Metodologie de admitere;<\/li>\r\n \t<li>Metodologia de evaluare \u0219i examinare pe parcursul \u0219i la finalul programului de formare;<\/li>\r\n \t<li>Metodologia privind organizarea \u0219i desf\u0103\u0219urarea examenului de finalizare a studiilor;<\/li>\r\n \t<li>Codul drepturilor \u0219i obliga\u021bilor cursantului \u0219i ale membrilor Institutului de Psihoterapie, Consiliere psihologic\u0103 \u0219i Supervizare clinic\u0103;<\/li>\r\n \t<li>Regulamentul privind activitatea profesional\u0103 a cursan\u021bilor;<\/li>\r\n \t<li>Regulament privind proiectarea, monitorizarea \u015fi evaluarea periodic\u0103 a programelor de formare;<\/li>\r\n \t<li>Codul de evaluare \u015fi asigurare a calit\u0103\u0163ii;<\/li>\r\n \t<li>Regulament privind eliberarea certificatelor de finalizare programe formare;<\/li>\r\n \t<li>Codul de etic\u0103 \u0219i deontologie al Institutului de Psihoterapie, Consiliere psihologic\u0103 \u015fi Supervizare clinic\u0103;<\/li>\r\n \t<li>\u00a0Regulamentul Comisiei de Marketing \u015fi Promovare a Imaginii Institutului.<\/li>\r\n<\/ol>","_et_gb_content_width":"","footnotes":""},"class_list":["post-12469","page","type-page","status-publish","hentry"],"_links":{"self":[{"href":"https:\/\/www.psyntegra.com\/en\/wp-json\/wp\/v2\/pages\/12469","targetHints":{"allow":["GET"]}}],"collection":[{"href":"https:\/\/www.psyntegra.com\/en\/wp-json\/wp\/v2\/pages"}],"about":[{"href":"https:\/\/www.psyntegra.com\/en\/wp-json\/wp\/v2\/types\/page"}],"author":[{"embeddable":true,"href":"https:\/\/www.psyntegra.com\/en\/wp-json\/wp\/v2\/users\/1"}],"replies":[{"embeddable":true,"href":"https:\/\/www.psyntegra.com\/en\/wp-json\/wp\/v2\/comments?post=12469"}],"version-history":[{"count":0,"href":"https:\/\/www.psyntegra.com\/en\/wp-json\/wp\/v2\/pages\/12469\/revisions"}],"wp:attachment":[{"href":"https:\/\/www.psyntegra.com\/en\/wp-json\/wp\/v2\/media?parent=12469"}],"curies":[{"name":"wp","href":"https:\/\/api.w.org\/{rel}","templated":true}]}}